{"id":14600,"date":"2021-12-29T15:55:48","date_gmt":"2021-12-29T15:55:48","guid":{"rendered":"http:\/\/okeanija.ald.mk\/?post_type=product&#038;p=14600&#038;lang=en"},"modified":"2023-12-11T12:30:30","modified_gmt":"2023-12-11T12:30:30","slug":"baumit-baumacol-strap","status":"publish","type":"product","link":"https:\/\/okeanija.mk\/?product=baumit-baumacol-strap","title":{"rendered":"Baumit Baumacol Strap"},"content":{"rendered":"<p class=\"bodytext body-text-overwrite-for-mobil\">Cross-stretchable elastomer<\/p>\n<p class=\"introtext\">Cross-stretchable, longitudinally stable polyester fabric coated with thermoplastic elastomer, thin and tear-resistant for the wall and floor connection for the production of joint seals in combination with Baumacol sealing products.<\/p>\n<ul class=\"highlights\">\n<li>\n<h2>Permanently elastic<\/h2>\n<\/li>\n<li>\n<h2>Wall and floor application<\/h2>\n<\/li>\n<li>\n<h2>Universal use<\/h2>\n<\/li>\n<\/ul>\n<p><iframe loading=\"lazy\" title=\"Csempe Doki \u00e9s a Baumit: Baumacol Protect, Strap \u2013 v\u00edzterhelt fel\u00fcletek szigetel\u00e9se\" width=\"1200\" height=\"675\" src=\"https:\/\/www.youtube.com\/embed\/_4dGufjaGYc?feature=oembed\" frameborder=\"0\" allow=\"accelerometer; autoplay; clipboard-write; encrypted-media; gyroscope; picture-in-picture\" allowfullscreen><\/iframe><\/p>\n","protected":false},"excerpt":{"rendered":"<div class=\"row\">\n<div><strong>Code<\/strong>: 2095<\/div>\n<div><strong>Barcode<\/strong>: 9004329267862<\/div>\n<div class=\"col-xl-5 col-md-12 th\"><strong>Packaging<\/strong>: 10ML roll<\/div>\n<\/div>\n<div class=\"row\">\n<div class=\"col-xl-5 col-md-12 th\"><strong>Consumption<\/strong>: keep overlaps in mind<\/div>\n<\/div>\n","protected":false},"featured_media":14602,"template":"","meta":{"_acf_changed":false,"om_disable_all_campaigns":false,"_monsterinsights_skip_tracking":false,"_monsterinsights_sitenote_active":false,"_monsterinsights_sitenote_note":"","_monsterinsights_sitenote_category":0},"product_brand":[],"product_cat":[189],"product_tag":[804,489,492,812],"class_list":{"0":"post-14600","1":"product","2":"type-product","3":"status-publish","4":"has-post-thumbnail","6":"product_cat-accessories","7":"product_tag-bathroom-isolation","8":"product_tag-hydroisolation","9":"product_tag-tile-accessories","10":"product_tag-universal","11":"pa_brand-baumit","12":"yith_product_brand-baumit","14":"first","15":"instock","16":"shipping-taxable","17":"purchasable","18":"product-type-simple"},"acf":[],"aioseo_notices":[],"_links":{"self":[{"href":"https:\/\/okeanija.mk\/index.php?rest_route=\/wp\/v2\/product\/14600","targetHints":{"allow":["GET"]}}],"collection":[{"href":"https:\/\/okeanija.mk\/index.php?rest_route=\/wp\/v2\/product"}],"about":[{"href":"https:\/\/okeanija.mk\/index.php?rest_route=\/wp\/v2\/types\/product"}],"wp:featuredmedia":[{"embeddable":true,"href":"https:\/\/okeanija.mk\/index.php?rest_route=\/wp\/v2\/media\/14602"}],"wp:attachment":[{"href":"https:\/\/okeanija.mk\/index.php?rest_route=%2Fwp%2Fv2%2Fmedia&parent=14600"}],"wp:term":[{"taxonomy":"product_brand","embeddable":true,"href":"https:\/\/okeanija.mk\/index.php?rest_route=%2Fwp%2Fv2%2Fproduct_brand&post=14600"},{"taxonomy":"product_cat","embeddable":true,"href":"https:\/\/okeanija.mk\/index.php?rest_route=%2Fwp%2Fv2%2Fproduct_cat&post=14600"},{"taxonomy":"product_tag","embeddable":true,"href":"https:\/\/okeanija.mk\/index.php?rest_route=%2Fwp%2Fv2%2Fproduct_tag&post=14600"}],"curies":[{"name":"wp","href":"https:\/\/api.w.org\/{rel}","templated":true}]}}